{"id":399,"date":"2025-12-18T10:05:25","date_gmt":"2025-12-18T10:05:25","guid":{"rendered":"https:\/\/www.aureliegerard.com\/?page_id=399"},"modified":"2025-12-18T10:58:25","modified_gmt":"2025-12-18T10:58:25","slug":"inspiration","status":"publish","type":"page","link":"https:\/\/www.aureliegerard.com\/index.php\/inspiration\/","title":{"rendered":"Inspiration"},"content":{"rendered":"\t\t<div data-elementor-type=\"wp-page\" data-elementor-id=\"399\" class=\"elementor elementor-399\">\n\t\t\t\t\t\t<section class=\"elementor-section elementor-top-section elementor-element elementor-element-33ede21 elementor-section-boxed elementor-section-height-default elementor-section-height-default\" data-id=\"33ede21\" data-element_type=\"section\" data-e-type=\"section\">\n\t\t\t\t\t\t<div class=\"elementor-container elementor-column-gap-default\">\n\t\t\t\t\t<div class=\"elementor-column elementor-col-100 elementor-top-column elementor-element elementor-element-bde6ee7\" data-id=\"bde6ee7\" data-element_type=\"column\" data-e-type=\"column\">\n\t\t\t<div class=\"elementor-widget-wrap elementor-element-populated\">\n\t\t\t\t\t\t<div class=\"elementor-element elementor-element-4d162db elementor-widget elementor-widget-heading\" data-id=\"4d162db\" data-element_type=\"widget\" data-e-type=\"widget\" data-widget_type=\"heading.default\">\n\t\t\t\t<div class=\"elementor-widget-container\">\n\t\t\t\t\t<h2 class=\"elementor-heading-title elementor-size-default\">Plongez dans l'ambiance musicale du roman Au diable nos adieux<\/h2>\t\t\t\t<\/div>\n\t\t\t\t<\/div>\n\t\t\t\t\t<\/div>\n\t\t<\/div>\n\t\t\t\t\t<\/div>\n\t\t<\/section>\n\t\t\t\t<section class=\"elementor-section elementor-top-section elementor-element elementor-element-d27f061 elementor-section-boxed elementor-section-height-default elementor-section-height-default\" data-id=\"d27f061\" data-element_type=\"section\" data-e-type=\"section\">\n\t\t\t\t\t\t<div class=\"elementor-container elementor-column-gap-default\">\n\t\t\t\t\t<div class=\"elementor-column elementor-col-100 elementor-top-column elementor-element elementor-element-e9ae959\" data-id=\"e9ae959\" data-element_type=\"column\" data-e-type=\"column\">\n\t\t\t<div class=\"elementor-widget-wrap elementor-element-populated\">\n\t\t\t\t\t\t<section class=\"elementor-section elementor-inner-section elementor-element elementor-element-e525a9b elementor-section-boxed elementor-section-height-default elementor-section-height-default\" data-id=\"e525a9b\" data-element_type=\"section\" data-e-type=\"section\">\n\t\t\t\t\t\t<div class=\"elementor-container elementor-column-gap-default\">\n\t\t\t\t\t<div class=\"elementor-column elementor-col-50 elementor-inner-column elementor-element elementor-element-82ca3d1\" data-id=\"82ca3d1\" data-element_type=\"column\" data-e-type=\"column\">\n\t\t\t<div class=\"elementor-widget-wrap elementor-element-populated\">\n\t\t\t\t\t\t<div class=\"elementor-element elementor-element-9ca41df elementor-widget elementor-widget-text-editor\" data-id=\"9ca41df\" data-element_type=\"widget\" data-e-type=\"widget\" data-widget_type=\"text-editor.default\">\n\t\t\t\t<div class=\"elementor-widget-container\">\n\t\t\t\t\t\t\t\t\t<h5>1. L&rsquo;Hymne du Lotus (La sororit\u00e9 retrouv\u00e9e)<\/h5><ul data-path-to-node=\"6\"><li><p data-path-to-node=\"6,0,0\"><b>Titre :<\/b> <i>Girls Just Want to Have Fun<\/i> \u2013 Cyndi Lauper<\/p><\/li><li><p data-path-to-node=\"6,1,0\"><span data-path-to-node=\"6,1,0,0\"><b>Le moment du livre :<\/b> Le retour de l\u2019a\u00e9roport. <\/span><span data-path-to-node=\"6,1,0,2\">Marine et ses amies du groupe \u00ab\u00a0Le Lotus\u00a0\u00bb chantent \u00e0 tue-t\u00eate dans la berline, un ballon \u00e0 l&rsquo;h\u00e9lium \u00e0 la main, c\u00e9l\u00e9brant la libert\u00e9 et l&rsquo;amiti\u00e9 retrouv\u00e9e<\/span><span data-path-to-node=\"6,1,0,4\">.<\/span><\/p><div class=\"source-inline-chip-container ng-star-inserted\">\u00a0<\/div><\/li><\/ul><h5 data-path-to-node=\"7\">2. La Playlist \u00ab\u00a0Chill\u00a0\u00bb de Marine (Le calme avant la temp\u00eate)<\/h5><ul data-path-to-node=\"8\"><li><p data-path-to-node=\"8,0,0\"><b>Titre :<\/b> <i>Weightless<\/i> \u2013 Marconi Union (ou une musique d&rsquo;ambiance Lo-Fi douce)<\/p><\/li><li><p data-path-to-node=\"8,0,0\"><span style=\"font-size: 1em;\" data-path-to-node=\"8,1,1,0\"><b><span class=\"citation-30\">Le moment du livre :<\/span><\/b><span class=\"citation-30\"> Marine rentre chez elle, d\u00e9couvre le d\u00e9sordre laiss\u00e9 par son mari press\u00e9, et lance sa playlist \u00ab\u00a0chill\u00a0\u00bb pour remettre de l&rsquo;ordre dans la chambre et dans son esprit avant de commencer sa journ\u00e9e<\/span><\/span><span style=\"font-size: 1em;\" data-path-to-node=\"8,1,1,2\">.<\/span><\/p><div class=\"source-inline-chip-container ng-star-inserted\">\u00a0<\/div><\/li><\/ul><h5 data-path-to-node=\"9\">3. Souvenirs d&rsquo;Adolescence (Les racines de Gabrielle)<\/h5><ul data-path-to-node=\"10\"><li><p data-path-to-node=\"10,0,0\"><b>Titre :<\/b> <i>H\u00e9l\u00e8ne<\/i> \u2013 Roch Voisine<\/p><\/li><li><p data-path-to-node=\"10,1,0\"><span data-path-to-node=\"10,1,0,0\"><b>Le moment du livre :<\/b> Un flash-back olfactif et visuel violent pour Gabrielle lorsqu&rsquo;elle tente d&rsquo;appeler ses parents. <\/span><span data-path-to-node=\"10,1,0,2\">Elle revoit sa chambre de jeune fille dans le pavillon ouvrier, avec les posters de Roch Voisine punais\u00e9s sur le papier peint fatigu\u00e9<\/span><span data-path-to-node=\"10,1,0,4\">.<\/span><\/p><div class=\"source-inline-chip-container ng-star-inserted\">\u00a0<\/div><\/li><\/ul><h5 data-path-to-node=\"11\">4. L&rsquo;Amour Interdit (Sophie &amp; Victor &#8211; 2013)<\/h5><ul data-path-to-node=\"12\"><li><p data-path-to-node=\"12,0,0\"><b>Titre :<\/b> <i>Get Lucky<\/i> \u2013 Daft Punk<\/p><\/li><li><p data-path-to-node=\"12,1,1\"><span data-path-to-node=\"12,1,1,0\"><b><span class=\"citation-28\">Le moment du livre :<\/span><\/b><span class=\"citation-28\"> Cette chanson symbolise l&rsquo;ann\u00e9e charni\u00e8re de la correspondance amoureuse (2013)<\/span><\/span><span data-path-to-node=\"12,1,1,2\">. C&rsquo;est l&rsquo;\u00e9poque o\u00f9 Sophie \u00e9tait vivante, vibrante, amoureuse, et o\u00f9 Gabrielle se souvient de leurs sorties et de leur complicit\u00e9.<\/span><\/p><div class=\"source-inline-chip-container ng-star-inserted\">\u00a0<\/div><\/li><\/ul><h5 data-path-to-node=\"13\">5. La Salsa du Nouvel An (Le dernier moment de bonheur)<\/h5><ul data-path-to-node=\"14\"><li><p data-path-to-node=\"14,0,0\"><b>Titre :<\/b> <i>Vivir Mi Vida<\/i> \u2013 Marc Anthony<\/p><\/li><li><p data-path-to-node=\"14,1,0\"><span data-path-to-node=\"14,1,0,0\"><b>Le moment du livre :<\/b> Le r\u00e9veillon du Nouvel An 2015. St\u00e9phane apprend aux invit\u00e9s \u00e0 danser la salsa. <\/span><span data-path-to-node=\"14,1,0,2\">Gabrielle rit aux \u00e9clats, ignorant que Sophie vient de prendre la d\u00e9cision de quitter Victor et que la maladie approche<\/span><span data-path-to-node=\"14,1,0,4\">.<\/span><\/p><div class=\"source-inline-chip-container ng-star-inserted\">\u00a0<\/div><\/li><\/ul><h5 data-path-to-node=\"15\">6. \u00c9l\u00e9gance au Meurice (Le th\u00e9 entre amies)<\/h5><ul data-path-to-node=\"16\"><li><p data-path-to-node=\"16,0,0\"><b>Titre :<\/b> <i>Nocturne Op. 9 No. 2<\/i> \u2013 Chopin<\/p><\/li><li><p data-path-to-node=\"16,1,0\"><span data-path-to-node=\"16,1,0,0\"><b>Le moment du livre :<\/b> La r\u00e9union du \u00ab\u00a0Lotus\u00a0\u00bb sous la verri\u00e8re du Meurice. <\/span><span data-path-to-node=\"16,1,0,2\">Une pianiste japonaise joue des airs classiques c\u00e9l\u00e8bres qui couvrent les conversations feutr\u00e9es pendant que Marine annonce sa d\u00e9cision de devenir son propre \u00ab\u00a0centre de gravit\u00e9\u00a0\u00bb<\/span><span data-path-to-node=\"16,1,0,4\">.<\/span><\/p><div class=\"source-inline-chip-container ng-star-inserted\">\u00a0<\/div><\/li><\/ul><h5 data-path-to-node=\"17\">7. Le Flow de Yoga (La force int\u00e9rieure)<\/h5><ul data-path-to-node=\"18\"><li><p data-path-to-node=\"18,0,0\"><b>Titre :<\/b> <i>Gayatri Mantra<\/i> \u2013 Deva Premal<\/p><\/li><li><p data-path-to-node=\"18,1,0\"><span data-path-to-node=\"18,1,0,0\"><b>Le moment du livre :<\/b> Pendant ses s\u00e9ances de yoga, Marine travaille ses postures (comme le corbeau volant) au son de la voix de Kahina. <\/span><span data-path-to-node=\"18,1,0,2\">C&rsquo;est l\u00e0 qu&rsquo;elle puise la force de dompter ses angoisses<\/span><span data-path-to-node=\"18,1,0,4\">.<\/span><\/p><div class=\"source-inline-chip-container ng-star-inserted\">\u00a0<\/div><\/li><\/ul><h5 data-path-to-node=\"19\">8. Road Trip &amp; Insouciance (Gabrielle &amp; Sophie)<\/h5><ul><li data-path-to-node=\"20,0,0\"><b>Titre :<\/b> <i>Walking On A Dream<\/i> \u2013 Empire of the Sun<\/li><li data-path-to-node=\"20,0,0\"><span data-path-to-node=\"20,1,1,0\"><b><span class=\"citation-24\">Le moment du livre :<\/span><\/b><span class=\"citation-24\"> Pour illustrer ces souvenirs \u00e9voqu\u00e9s par Gabrielle : conduire pieds nus en Gr\u00e8ce, \u00e9changer les maillots \u00e0 Ibiza, ces moments de libert\u00e9 totale v\u00e9cus ensemble durant vingt ans d&rsquo;amiti\u00e9 <\/span><\/span><span data-path-to-node=\"20,1,1,2\">.<\/span><\/li><li style=\"list-style-type: none;\">\u00a0<\/li><\/ul>\t\t\t\t\t\t\t\t<\/div>\n\t\t\t\t<\/div>\n\t\t\t\t\t<\/div>\n\t\t<\/div>\n\t\t\t\t<div class=\"elementor-column elementor-col-50 elementor-inner-column elementor-element elementor-element-a0166c1\" data-id=\"a0166c1\" data-element_type=\"column\" data-e-type=\"column\">\n\t\t\t<div class=\"elementor-widget-wrap elementor-element-populated\">\n\t\t\t\t\t\t<div class=\"elementor-element elementor-element-64031a9 elementor-view-default elementor-widget elementor-widget-icon\" data-id=\"64031a9\" data-element_type=\"widget\" data-e-type=\"widget\" data-widget_type=\"icon.default\">\n\t\t\t\t<div class=\"elementor-widget-container\">\n\t\t\t\t\t\t\t<div class=\"elementor-icon-wrapper\">\n\t\t\t<a class=\"elementor-icon\" href=\"https:\/\/music.apple.com\/fr\/playlist\/au-diable-nos-adieux\/pl.u-d2b0k4WFkg6r5\" target=\"_blank\">\n\t\t\t<i aria-hidden=\"true\" class=\"fab fa-itunes\"><\/i>\t\t\t<\/a>\n\t\t<\/div>\n\t\t\t\t\t\t<\/div>\n\t\t\t\t<\/div>\n\t\t\t\t\t<\/div>\n\t\t<\/div>\n\t\t\t\t\t<\/div>\n\t\t<\/section>\n\t\t\t\t\t<\/div>\n\t\t<\/div>\n\t\t\t\t\t<\/div>\n\t\t<\/section>\n\t\t\t\t<section class=\"elementor-section elementor-top-section elementor-element elementor-element-07a3a16 elementor-section-boxed elementor-section-height-default elementor-section-height-default\" data-id=\"07a3a16\" data-element_type=\"section\" data-e-type=\"section\">\n\t\t\t\t\t\t<div class=\"elementor-container elementor-column-gap-default\">\n\t\t\t\t\t<div class=\"elementor-column elementor-col-100 elementor-top-column elementor-element elementor-element-b0992d7\" data-id=\"b0992d7\" data-element_type=\"column\" data-e-type=\"column\">\n\t\t\t<div class=\"elementor-widget-wrap elementor-element-populated\">\n\t\t\t\t\t\t<div class=\"elementor-element elementor-element-e123316 elementor-widget elementor-widget-heading\" data-id=\"e123316\" data-element_type=\"widget\" data-e-type=\"widget\" data-widget_type=\"heading.default\">\n\t\t\t\t<div class=\"elementor-widget-container\">\n\t\t\t\t\t<h2 class=\"elementor-heading-title elementor-size-default\">Extraits du roman Au diable nos adieux<\/h2>\t\t\t\t<\/div>\n\t\t\t\t<\/div>\n\t\t\t\t<div class=\"elementor-element elementor-element-774c555 elementor-widget elementor-widget-text-editor\" data-id=\"774c555\" data-element_type=\"widget\" data-e-type=\"widget\" data-widget_type=\"text-editor.default\">\n\t\t\t\t<div class=\"elementor-widget-container\">\n\t\t\t\t\t\t\t\t\t<p data-path-to-node=\"22,0,0\"><i>\u00ab L\u2019espoir fatigue le corps mais alimente l\u2019esprit. Le deuil d\u00e9laisse le corps pour mieux d\u00e9molir l\u2019esprit. \u00bb<\/i><\/p><p data-path-to-node=\"22,0,0\"><i>\u00a0<\/i><\/p><p data-path-to-node=\"22,1,0\"><i>\u00ab On ne bascule pas dans une autre r\u00e9alit\u00e9, une autre dimension, sans cons\u00e9quences\u2026 \u00bb<\/i><\/p><p data-path-to-node=\"22,1,0\"><i>\u00a0<\/i><\/p><p data-path-to-node=\"22,2,0\"><i>\u00ab Je suis mon propre centre de gravit\u00e9. \u00bb<\/i><\/p><p data-path-to-node=\"22,2,0\"><i>\u00a0<\/i><\/p><p data-path-to-node=\"22,3,0\"><i>\u00ab C\u2019est fou la force de l\u2019espoir et \u00e0 quel point il nous maintient dans un \u00e9tat de tension. \u00bb<\/i><\/p>\t\t\t\t\t\t\t\t<\/div>\n\t\t\t\t<\/div>\n\t\t\t\t\t<\/div>\n\t\t<\/div>\n\t\t\t\t\t<\/div>\n\t\t<\/section>\n\t\t\t\t<section class=\"elementor-section elementor-top-section elementor-element elementor-element-26d25ba elementor-section-boxed elementor-section-height-default elementor-section-height-default\" data-id=\"26d25ba\" data-element_type=\"section\" data-e-type=\"section\">\n\t\t\t\t\t\t<div class=\"elementor-container elementor-column-gap-default\">\n\t\t\t\t\t<div class=\"elementor-column elementor-col-100 elementor-top-column elementor-element elementor-element-f057c0a\" data-id=\"f057c0a\" data-element_type=\"column\" data-e-type=\"column\">\n\t\t\t<div class=\"elementor-widget-wrap elementor-element-populated\">\n\t\t\t\t\t\t<div class=\"elementor-element elementor-element-c9b0e0d elementor-widget-divider--view-line elementor-widget elementor-widget-divider\" data-id=\"c9b0e0d\" data-element_type=\"widget\" data-e-type=\"widget\" data-widget_type=\"divider.default\">\n\t\t\t\t<div class=\"elementor-widget-container\">\n\t\t\t\t\t\t\t<div class=\"elementor-divider\">\n\t\t\t<span class=\"elementor-divider-separator\">\n\t\t\t\t\t\t<\/span>\n\t\t<\/div>\n\t\t\t\t\t\t<\/div>\n\t\t\t\t<\/div>\n\t\t\t\t<div class=\"elementor-element elementor-element-77b6294 elementor-widget elementor-widget-heading\" data-id=\"77b6294\" data-element_type=\"widget\" data-e-type=\"widget\" data-widget_type=\"heading.default\">\n\t\t\t\t<div class=\"elementor-widget-container\">\n\t\t\t\t\t<h2 class=\"elementor-heading-title elementor-size-default\">Plongez dans l'ambiance musicale du roman L\u00e9gitime d\u00e9mence<\/h2>\t\t\t\t<\/div>\n\t\t\t\t<\/div>\n\t\t\t\t<section class=\"elementor-section elementor-inner-section elementor-element elementor-element-0c1b5ef elementor-section-boxed elementor-section-height-default elementor-section-height-default\" data-id=\"0c1b5ef\" data-element_type=\"section\" data-e-type=\"section\">\n\t\t\t\t\t\t<div class=\"elementor-container elementor-column-gap-default\">\n\t\t\t\t\t<div class=\"elementor-column elementor-col-50 elementor-inner-column elementor-element elementor-element-eff757b\" data-id=\"eff757b\" data-element_type=\"column\" data-e-type=\"column\">\n\t\t\t<div class=\"elementor-widget-wrap elementor-element-populated\">\n\t\t\t\t\t\t<div class=\"elementor-element elementor-element-93233ae elementor-widget elementor-widget-text-editor\" data-id=\"93233ae\" data-element_type=\"widget\" data-e-type=\"widget\" data-widget_type=\"text-editor.default\">\n\t\t\t\t<div class=\"elementor-widget-container\">\n\t\t\t\t\t\t\t\t\t<h5>1. Marius<\/h5><ul><li data-path-to-node=\"6,0,0\"><b>Titre : <\/b><em>\u00ab\u00a0Je suis venu te dire que je m&rsquo;en vais\u00a0\u00bb<\/em> &#8211; Serge Gainsbourg<\/li><li data-path-to-node=\"6,0,0\"><strong>Le moment du livre<em style=\"font-size: 1rem;\"> :<\/em><\/strong><span style=\"font-size: 1rem;\"><span style=\"font-size: 1rem;\"> Le morceau pr\u00e9f\u00e9r\u00e9 de Marius lorsqu&rsquo;il rentre chez lui, seul, apr\u00e8s une enqu\u00eate difficile. La m\u00e9lancolie d&rsquo;un d\u00e9part sans retour.<\/span><\/span><\/li><li style=\"list-style-type: none;\">\u00a0<\/li><\/ul><h5>2. Valentine \u00e0 Port-Grimaud<\/h5><ul><li data-path-to-node=\"6,0,0\"><b>Titre : <em>\u00ab\u00a0If It Makes You Happy\u00a0\u00bb &#8211; Sheryl Crow<\/em><\/b><\/li><li data-path-to-node=\"6,0,0\"><strong>Le moment du livre<\/strong><em> :<\/em> Le CD que Valentine \u00e9coute en boucle dans son appartement de Port-Grimaud pour se donner du courage et tenter d&rsquo;oublier.<\/li><\/ul><p>\u00a0<\/p><h5>3. L&rsquo;anniversaire de Valentine<\/h5><ul><li><strong>Titre : <\/strong><em>\u00ab\u00a0In Da Club\u00a0\u00bb &#8211; 50 Cent<\/em><\/li><li><strong>Le moment du livre<\/strong><em> :<\/em> Le son lourd et moite de la bo\u00eete de nuit de Jonathan, le soir de l&rsquo;anniversaire de Valentine.<\/li><\/ul><p>\u00a0<\/p><h5>4. Le mariage de Samir<\/h5><ul><li><strong>Titre : <\/strong><em>\u00ab\u00a0Pour que tu m&rsquo;aimes encore\u00a0\u00bb &#8211; C\u00e9line Dion<\/em><\/li><li><strong>Le moment du livre<\/strong><em> :<\/em> Le slow maladroit du mariage de Samir et Le\u00efla. Une chanson d&rsquo;amour qui r\u00e9sonne comme un adieu \u00e0 celle qui n&rsquo;est plus l\u00e0.<\/li><\/ul><p>\u00a0<\/p><h5>5. L&rsquo;intranquillit\u00e9 de Valentine<\/h5><ul><li><strong>Titre : <\/strong><em>\u00ab\u00a0Teardrop\u00a0\u00bb &#8211; Massive Attack<\/em><\/li><li><strong>Le moment du livre<\/strong><em> :<\/em> Le th\u00e8me de fond pour les insomnies de Valentine, face \u00e0 la mer, quand les anxiolytiques ne suffisent plus.<\/li><\/ul>\t\t\t\t\t\t\t\t<\/div>\n\t\t\t\t<\/div>\n\t\t\t\t\t<\/div>\n\t\t<\/div>\n\t\t\t\t<div class=\"elementor-column elementor-col-50 elementor-inner-column elementor-element elementor-element-6cdbe22\" data-id=\"6cdbe22\" data-element_type=\"column\" data-e-type=\"column\">\n\t\t\t<div class=\"elementor-widget-wrap elementor-element-populated\">\n\t\t\t\t\t\t<div class=\"elementor-element elementor-element-3cace18 elementor-view-default elementor-widget elementor-widget-icon\" data-id=\"3cace18\" data-element_type=\"widget\" data-e-type=\"widget\" data-widget_type=\"icon.default\">\n\t\t\t\t<div class=\"elementor-widget-container\">\n\t\t\t\t\t\t\t<div class=\"elementor-icon-wrapper\">\n\t\t\t<a class=\"elementor-icon\" href=\"https:\/\/music.apple.com\/fr\/playlist\/l%C3%A9gitime-d%C3%A9mence\/pl.u-11zBXq1Ca7V0g\" target=\"_blank\">\n\t\t\t<i aria-hidden=\"true\" class=\"fab fa-itunes\"><\/i>\t\t\t<\/a>\n\t\t<\/div>\n\t\t\t\t\t\t<\/div>\n\t\t\t\t<\/div>\n\t\t\t\t\t<\/div>\n\t\t<\/div>\n\t\t\t\t\t<\/div>\n\t\t<\/section>\n\t\t\t\t\t<\/div>\n\t\t<\/div>\n\t\t\t\t\t<\/div>\n\t\t<\/section>\n\t\t\t\t<section class=\"elementor-section elementor-top-section elementor-element elementor-element-70bfd59 elementor-section-boxed elementor-section-height-default elementor-section-height-default\" data-id=\"70bfd59\" data-element_type=\"section\" data-e-type=\"section\">\n\t\t\t\t\t\t<div class=\"elementor-container elementor-column-gap-default\">\n\t\t\t\t\t<div class=\"elementor-column elementor-col-100 elementor-top-column elementor-element elementor-element-5d385a7\" data-id=\"5d385a7\" data-element_type=\"column\" data-e-type=\"column\">\n\t\t\t<div class=\"elementor-widget-wrap elementor-element-populated\">\n\t\t\t\t\t\t<div class=\"elementor-element elementor-element-f17f55d elementor-widget-divider--view-line elementor-widget elementor-widget-divider\" data-id=\"f17f55d\" data-element_type=\"widget\" data-e-type=\"widget\" data-widget_type=\"divider.default\">\n\t\t\t\t<div class=\"elementor-widget-container\">\n\t\t\t\t\t\t\t<div class=\"elementor-divider\">\n\t\t\t<span class=\"elementor-divider-separator\">\n\t\t\t\t\t\t<\/span>\n\t\t<\/div>\n\t\t\t\t\t\t<\/div>\n\t\t\t\t<\/div>\n\t\t\t\t<div class=\"elementor-element elementor-element-cf36f9c elementor-widget elementor-widget-heading\" data-id=\"cf36f9c\" data-element_type=\"widget\" data-e-type=\"widget\" data-widget_type=\"heading.default\">\n\t\t\t\t<div class=\"elementor-widget-container\">\n\t\t\t\t\t<h2 class=\"elementor-heading-title elementor-size-default\">Extraits du roman L\u00e9gitime d\u00e9mence<\/h2>\t\t\t\t<\/div>\n\t\t\t\t<\/div>\n\t\t\t\t<div class=\"elementor-element elementor-element-bdf53c5 elementor-widget elementor-widget-text-editor\" data-id=\"bdf53c5\" data-element_type=\"widget\" data-e-type=\"widget\" data-widget_type=\"text-editor.default\">\n\t\t\t\t<div class=\"elementor-widget-container\">\n\t\t\t\t\t\t\t\t\t<p>\u00ab<i> On se tait souvent pour prot\u00e9ger l\u2019autre. Du moins, c\u2019est ce que l\u2019on se fait croire, avant de devenir prisonnier de son silence. \u00bb<\/i>&nbsp;<\/p>\n<p><br><\/p>\n<p><span style=\"font-size: 1em;\">\u00ab<i> Le plus dur n&rsquo;est pas de se taire, non, le plus dur est d&rsquo;accepter, jour apr\u00e8s jour, de rouler sur l&rsquo;itin\u00e9raire bis de notre vie.<\/i><\/span><span style=\"font-size: 1rem;\"><i>\u00bb<\/i><\/span><\/p>\n<p><span style=\"font-size: 1rem;\"><i><br><\/i><\/span><\/p>\n<p><i><span style=\"font-size: 1rem;\">\u00ab<\/span><span style=\"font-size: 1rem;\">&nbsp;<\/span><\/i><span style=\"font-size: 1em;\"><i>Pourtant, on a beau tenir nos l\u00e8vres serr\u00e9es, enfouir nos hontes au plus profond, le corps finit toujours par nous trahir. \u00bb&nbsp;<\/i><\/span><\/p>\n<p><span style=\"font-size: 1em;\"><i><br><\/i><\/span><\/p>\n<p><i><span style=\"font-size: 1rem;\">\u00ab<\/span><span style=\"font-size: 1rem;\">&nbsp;A quel moment prend-on conscience que les choses ne pourront jamais plus redevenir comme avant ? Que rien ne se fige, que tout est mouvant ? Qu&rsquo;on ne retient rien entre ses mains ?<\/span><span style=\"font-size: 1rem;\">\u00bb&nbsp;<\/span><\/i><\/p>\n<p><span style=\"font-size: 1rem;\"><i><br><\/i><\/span><\/p>\n<p><i><span style=\"font-size: 1rem;\">\u00ab&nbsp;<\/span><span style=\"font-size: 1rem;\">Il y a toujours un temps o\u00f9 la v\u00e9rit\u00e9 refait surface, o\u00f9 quelqu&rsquo;un vient gratter la terre et remuer la boue.&nbsp;<\/span><span style=\"font-size: 1rem;\">\u00bb&nbsp;<\/span><\/i><\/p>\n<p><span style=\"font-size: 1rem;\"><i><br><\/i><\/span><\/p>\n<p><i><span style=\"font-size: 1rem;\">\u00ab Une vie caboss\u00e9e, une enfance amput\u00e9e et ce besoin de compenser, de fouiller, de r\u00e9parer chez les autres, ce qui \u00e9tait irr\u00e9m\u00e9diablement bris\u00e9 en lui.<\/span><span style=\"font-size: 1rem;\">&nbsp;<\/span><span style=\"font-size: 1rem;\">\u00bb&nbsp;<\/span><\/i><\/p>\n<p><br><\/p>\t\t\t\t\t\t\t\t<\/div>\n\t\t\t\t<\/div>\n\t\t\t\t\t<\/div>\n\t\t<\/div>\n\t\t\t\t\t<\/div>\n\t\t<\/section>\n\t\t\t\t<\/div>\n\t\t","protected":false},"excerpt":{"rendered":"<p>Plongez dans l&rsquo;ambiance musicale du roman Au diable nos adieux 1. L&rsquo;Hymne du Lotus (La sororit\u00e9 retrouv\u00e9e) Titre : Girls Just Want to Have Fun \u2013 Cyndi Lauper Le moment du livre : Le retour de l\u2019a\u00e9roport. Marine et ses amies du groupe \u00ab\u00a0Le Lotus\u00a0\u00bb chantent \u00e0 tue-t\u00eate dans la berline, un ballon \u00e0 l&rsquo;h\u00e9lium<a class=\"more-link\" href=\"https:\/\/www.aureliegerard.com\/index.php\/inspiration\/\">Continue reading <span class=\"screen-reader-text\">\u00ab\u00a0Inspiration\u00a0\u00bb<\/span><\/a><\/p>\n","protected":false},"author":1,"featured_media":0,"parent":0,"menu_order":0,"comment_status":"closed","ping_status":"closed","template":"","meta":{"wp_popup_display_lightbox":0,"wp_popup_suppress":"","wp_popup_trigger":"","wp_popup_trigger_amount":0,"wp_popup_disable_on_mobile":false,"footnotes":""},"class_list":["post-399","page","type-page","status-publish","hentry","entry"],"_links":{"self":[{"href":"https:\/\/www.aureliegerard.com\/index.php\/wp-json\/wp\/v2\/pages\/399","targetHints":{"allow":["GET"]}}],"collection":[{"href":"https:\/\/www.aureliegerard.com\/index.php\/wp-json\/wp\/v2\/pages"}],"about":[{"href":"https:\/\/www.aureliegerard.com\/index.php\/wp-json\/wp\/v2\/types\/page"}],"author":[{"embeddable":true,"href":"https:\/\/www.aureliegerard.com\/index.php\/wp-json\/wp\/v2\/users\/1"}],"replies":[{"embeddable":true,"href":"https:\/\/www.aureliegerard.com\/index.php\/wp-json\/wp\/v2\/comments?post=399"}],"version-history":[{"count":16,"href":"https:\/\/www.aureliegerard.com\/index.php\/wp-json\/wp\/v2\/pages\/399\/revisions"}],"predecessor-version":[{"id":448,"href":"https:\/\/www.aureliegerard.com\/index.php\/wp-json\/wp\/v2\/pages\/399\/revisions\/448"}],"wp:attachment":[{"href":"https:\/\/www.aureliegerard.com\/index.php\/wp-json\/wp\/v2\/media?parent=399"}],"curies":[{"name":"wp","href":"https:\/\/api.w.org\/{rel}","templated":true}]}}