{"id":410,"date":"2025-12-17T16:18:16","date_gmt":"2025-12-17T16:18:16","guid":{"rendered":"https:\/\/www.aureliegerard.com\/?page_id=410"},"modified":"2025-12-18T10:48:49","modified_gmt":"2025-12-18T10:48:49","slug":"kits-club-de-lecture","status":"publish","type":"page","link":"https:\/\/www.aureliegerard.com\/index.php\/kits-club-de-lecture\/","title":{"rendered":"Kits \u00ab\u00a0club de lecture\u00a0\u00bb"},"content":{"rendered":"\t\t<div data-elementor-type=\"wp-page\" data-elementor-id=\"410\" class=\"elementor elementor-410\">\n\t\t\t\t\t\t<section class=\"elementor-section elementor-top-section elementor-element elementor-element-2b1430f elementor-section-boxed elementor-section-height-default elementor-section-height-default\" data-id=\"2b1430f\" data-element_type=\"section\" data-e-type=\"section\">\n\t\t\t\t\t\t<div class=\"elementor-container elementor-column-gap-default\">\n\t\t\t\t\t<div class=\"elementor-column elementor-col-100 elementor-top-column elementor-element elementor-element-a2df595\" data-id=\"a2df595\" data-element_type=\"column\" data-e-type=\"column\">\n\t\t\t<div class=\"elementor-widget-wrap elementor-element-populated\">\n\t\t\t\t\t\t<section class=\"elementor-section elementor-inner-section elementor-element elementor-element-9cf51ab elementor-section-boxed elementor-section-height-default elementor-section-height-default\" data-id=\"9cf51ab\" data-element_type=\"section\" data-e-type=\"section\">\n\t\t\t\t\t\t<div class=\"elementor-container elementor-column-gap-default\">\n\t\t\t\t\t<div class=\"elementor-column elementor-col-50 elementor-inner-column elementor-element elementor-element-601e7b3\" data-id=\"601e7b3\" data-element_type=\"column\" data-e-type=\"column\">\n\t\t\t<div class=\"elementor-widget-wrap elementor-element-populated\">\n\t\t\t\t\t\t<div class=\"elementor-element elementor-element-5ba96be elementor-widget__width-initial elementor-widget elementor-widget-image\" data-id=\"5ba96be\" data-element_type=\"widget\" data-e-type=\"widget\" data-widget_type=\"image.default\">\n\t\t\t\t<div class=\"elementor-widget-container\">\n\t\t\t\t\t\t\t\t\t\t\t\t\t\t\t<img fetchpriority=\"high\" decoding=\"async\" width=\"716\" height=\"1024\" src=\"https:\/\/www.aureliegerard.com\/wp-content\/uploads\/2025\/12\/couv-recto-716x1024.jpg\" class=\"attachment-large size-large wp-image-359\" alt=\"\" srcset=\"https:\/\/www.aureliegerard.com\/wp-content\/uploads\/2025\/12\/couv-recto-716x1024.jpg 716w, https:\/\/www.aureliegerard.com\/wp-content\/uploads\/2025\/12\/couv-recto-210x300.jpg 210w, https:\/\/www.aureliegerard.com\/wp-content\/uploads\/2025\/12\/couv-recto-768x1098.jpg 768w, https:\/\/www.aureliegerard.com\/wp-content\/uploads\/2025\/12\/couv-recto-1074x1536.jpg 1074w, https:\/\/www.aureliegerard.com\/wp-content\/uploads\/2025\/12\/couv-recto-1432x2048.jpg 1432w, https:\/\/www.aureliegerard.com\/wp-content\/uploads\/2025\/12\/couv-recto-1568x2243.jpg 1568w, https:\/\/www.aureliegerard.com\/wp-content\/uploads\/2025\/12\/couv-recto.jpg 1734w\" sizes=\"(max-width: 716px) 100vw, 716px\" \/>\t\t\t\t\t\t\t\t\t\t\t\t\t\t\t<\/div>\n\t\t\t\t<\/div>\n\t\t\t\t\t<\/div>\n\t\t<\/div>\n\t\t\t\t<div class=\"elementor-column elementor-col-50 elementor-inner-column elementor-element elementor-element-028a4af\" data-id=\"028a4af\" data-element_type=\"column\" data-e-type=\"column\">\n\t\t\t<div class=\"elementor-widget-wrap elementor-element-populated\">\n\t\t\t\t\t\t<div class=\"elementor-element elementor-element-55eef22 elementor-widget elementor-widget-text-editor\" data-id=\"55eef22\" data-element_type=\"widget\" data-e-type=\"widget\" data-widget_type=\"text-editor.default\">\n\t\t\t\t<div class=\"elementor-widget-container\">\n\t\t\t\t\t\t\t\t\t<h2 data-pm-slice=\"1 1 []\">Guide de discussion\u00a0<\/h2><div>\u00a0<\/div><p>Vous avez lu <em>L\u00e9gitime d\u00e9mence<\/em> et vous souhaitez en discuter ? Voici quelques pistes de r\u00e9flexion pour animer vos d\u00e9bats. <em>(Attention : contient des spoilers !)<\/em><\/p>\t\t\t\t\t\t\t\t<\/div>\n\t\t\t\t<\/div>\n\t\t\t\t\t<\/div>\n\t\t<\/div>\n\t\t\t\t\t<\/div>\n\t\t<\/section>\n\t\t\t\t<div class=\"elementor-element elementor-element-c825b49 elementor-widget elementor-widget-text-editor\" data-id=\"c825b49\" data-element_type=\"widget\" data-e-type=\"widget\" data-widget_type=\"text-editor.default\">\n\t\t\t\t<div class=\"elementor-widget-container\">\n\t\t\t\t\t\t\t\t\t<p><strong>1. Le titre<\/strong> Que vous \u00e9voque l&rsquo;expression \u00ab\u00a0L\u00e9gitime D\u00e9mence\u00a0\u00bb ? \u00c0 quel moment pr\u00e9cis du livre pensez-vous que la folie de Valentine devient \u00ab\u00a0l\u00e9gitime\u00a0\u00bb ou n\u00e9cessaire \u00e0 sa survie ?<\/p><p><strong>2. Le dilemme moral<\/strong> Le p\u00e8re, Samir, ment \u00e0 son fils en lui disant que sa m\u00e8re est morte pour lui \u00e9viter la douleur de l&rsquo;abandon. Auriez-vous fait le m\u00eame choix \u00e0 sa place ? Le mensonge peut-il \u00eatre un acte d&rsquo;amour ?<\/p><p><strong>3. La figure maternelle<\/strong> Valentine est une \u00ab\u00a0anti-m\u00e8re\u00a0\u00bb. Elle abandonne son enfant parce qu&rsquo;elle a peur de le tuer. Avez-vous r\u00e9ussi \u00e0 \u00e9prouver de l&#8217;empathie pour elle, ou ses actes vous semblent-ils impardonnables ?<\/p><p><strong>4. La m\u00e9moire traumatique<\/strong> Le roman montre comment une odeur (la for\u00eat apr\u00e8s la pluie) ou un d\u00e9tail physique (les mains poilues) peuvent d\u00e9clencher une crise des ann\u00e9es apr\u00e8s. Comment l&rsquo;auteure d\u00e9crit-elle le m\u00e9canisme du stress post-traumatique ?<\/p><p><strong>5. La fin<\/strong> La lettre finale de Valentine offre-t-elle une r\u00e9demption ? Pensez-vous que Marius pourra se reconstruire apr\u00e8s avoir d\u00e9couvert la v\u00e9rit\u00e9, ou est-il condamn\u00e9 \u00e0 porter le poids du secret \u00e0 son tour ?<\/p><p>\u00a0<\/p><p><em>Vous avez d\u00e9battu du livre ? Identifiez-moi sur Instagram @aureliegerard_auteure, je serais ravie de partager vos \u00e9changes !<\/em><\/p>\t\t\t\t\t\t\t\t<\/div>\n\t\t\t\t<\/div>\n\t\t\t\t<div class=\"elementor-element elementor-element-2e8083f elementor-widget elementor-widget-spacer\" data-id=\"2e8083f\" data-element_type=\"widget\" data-e-type=\"widget\" data-widget_type=\"spacer.default\">\n\t\t\t\t<div class=\"elementor-widget-container\">\n\t\t\t\t\t\t\t<div class=\"elementor-spacer\">\n\t\t\t<div class=\"elementor-spacer-inner\"><\/div>\n\t\t<\/div>\n\t\t\t\t\t\t<\/div>\n\t\t\t\t<\/div>\n\t\t\t\t<div class=\"elementor-element elementor-element-df6bdbc elementor-widget-divider--view-line elementor-widget elementor-widget-divider\" data-id=\"df6bdbc\" data-element_type=\"widget\" data-e-type=\"widget\" data-widget_type=\"divider.default\">\n\t\t\t\t<div class=\"elementor-widget-container\">\n\t\t\t\t\t\t\t<div class=\"elementor-divider\">\n\t\t\t<span class=\"elementor-divider-separator\">\n\t\t\t\t\t\t<\/span>\n\t\t<\/div>\n\t\t\t\t\t\t<\/div>\n\t\t\t\t<\/div>\n\t\t\t\t\t<\/div>\n\t\t<\/div>\n\t\t\t\t\t<\/div>\n\t\t<\/section>\n\t\t\t\t<section class=\"elementor-section elementor-top-section elementor-element elementor-element-3b61e60 elementor-section-boxed elementor-section-height-default elementor-section-height-default\" data-id=\"3b61e60\" data-element_type=\"section\" data-e-type=\"section\">\n\t\t\t\t\t\t<div class=\"elementor-container elementor-column-gap-default\">\n\t\t\t\t\t<div class=\"elementor-column elementor-col-100 elementor-top-column elementor-element elementor-element-d37af3f\" data-id=\"d37af3f\" data-element_type=\"column\" data-e-type=\"column\">\n\t\t\t<div class=\"elementor-widget-wrap elementor-element-populated\">\n\t\t\t\t\t\t<section class=\"elementor-section elementor-inner-section elementor-element elementor-element-192a35e elementor-section-boxed elementor-section-height-default elementor-section-height-default\" data-id=\"192a35e\" data-element_type=\"section\" data-e-type=\"section\">\n\t\t\t\t\t\t<div class=\"elementor-container elementor-column-gap-default\">\n\t\t\t\t\t<div class=\"elementor-column elementor-col-50 elementor-inner-column elementor-element elementor-element-80a9f09\" data-id=\"80a9f09\" data-element_type=\"column\" data-e-type=\"column\">\n\t\t\t<div class=\"elementor-widget-wrap elementor-element-populated\">\n\t\t\t\t\t\t<div class=\"elementor-element elementor-element-5762d59 elementor-widget__width-initial elementor-widget elementor-widget-image\" data-id=\"5762d59\" data-element_type=\"widget\" data-e-type=\"widget\" data-widget_type=\"image.default\">\n\t\t\t\t<div class=\"elementor-widget-container\">\n\t\t\t\t\t\t\t\t\t\t\t\t\t\t\t<img decoding=\"async\" width=\"731\" height=\"1024\" src=\"https:\/\/www.aureliegerard.com\/wp-content\/uploads\/2023\/07\/couv-731x1024.jpg\" class=\"attachment-large size-large wp-image-27\" alt=\"\" srcset=\"https:\/\/www.aureliegerard.com\/wp-content\/uploads\/2023\/07\/couv-731x1024.jpg 731w, https:\/\/www.aureliegerard.com\/wp-content\/uploads\/2023\/07\/couv-214x300.jpg 214w, https:\/\/www.aureliegerard.com\/wp-content\/uploads\/2023\/07\/couv-768x1076.jpg 768w, https:\/\/www.aureliegerard.com\/wp-content\/uploads\/2023\/07\/couv-1096x1536.jpg 1096w, https:\/\/www.aureliegerard.com\/wp-content\/uploads\/2023\/07\/couv-1462x2048.jpg 1462w, https:\/\/www.aureliegerard.com\/wp-content\/uploads\/2023\/07\/couv-1568x2197.jpg 1568w, https:\/\/www.aureliegerard.com\/wp-content\/uploads\/2023\/07\/couv.jpg 1772w\" sizes=\"(max-width: 731px) 100vw, 731px\" \/>\t\t\t\t\t\t\t\t\t\t\t\t\t\t\t<\/div>\n\t\t\t\t<\/div>\n\t\t\t\t\t<\/div>\n\t\t<\/div>\n\t\t\t\t<div class=\"elementor-column elementor-col-50 elementor-inner-column elementor-element elementor-element-2d3e65f\" data-id=\"2d3e65f\" data-element_type=\"column\" data-e-type=\"column\">\n\t\t\t<div class=\"elementor-widget-wrap elementor-element-populated\">\n\t\t\t\t\t\t<div class=\"elementor-element elementor-element-a4a425b elementor-widget__width-initial elementor-widget elementor-widget-text-editor\" data-id=\"a4a425b\" data-element_type=\"widget\" data-e-type=\"widget\" data-widget_type=\"text-editor.default\">\n\t\t\t\t<div class=\"elementor-widget-container\">\n\t\t\t\t\t\t\t\t\t<h2 data-pm-slice=\"1 1 []\">Guide de discussion<\/h2><div>\u00a0<\/div><p>Vous avez lu <i>Au diable nos adieux <\/i>et vous souhaitez en discuter ? Voici quelques pistes de r\u00e9flexion pour animer vos d\u00e9bats. <em>(Attention : contient des spoilers !)<\/em><\/p>\t\t\t\t\t\t\t\t<\/div>\n\t\t\t\t<\/div>\n\t\t\t\t\t<\/div>\n\t\t<\/div>\n\t\t\t\t\t<\/div>\n\t\t<\/section>\n\t\t\t\t<div class=\"elementor-element elementor-element-fceca8e elementor-widget elementor-widget-text-editor\" data-id=\"fceca8e\" data-element_type=\"widget\" data-e-type=\"widget\" data-widget_type=\"text-editor.default\">\n\t\t\t\t<div class=\"elementor-widget-container\">\n\t\t\t\t\t\t\t\t\t<p><strong>1.La Promesse et l&rsquo;Intimit\u00e9<\/strong><\/p><p>Gabrielle accepte d&rsquo;entrer dans l&rsquo;intimit\u00e9 de Sophie alors que celle-ci n&rsquo;est plus en \u00e9tat de consentir ou d&rsquo;expliquer. Auriez-vous accept\u00e9 d&rsquo;honorer une telle promesse ? Jusqu&rsquo;o\u00f9 peut-on aller par amiti\u00e9 ? \u00c0 partir de quel moment la d\u00e9couverte de la vie secr\u00e8te d&rsquo;un proche devient-elle du voyeurisme ou un acte d&rsquo;amour ?<\/p><p><strong>2. Le trio f\u00e9minin<\/strong><\/p><p>Le roman entrelace les destins de Gabrielle, Sophie et Marine. Lequel de ces trois personnages vous a le plus touch\u00e9 et pourquoi ? Comment l&rsquo;auteure parvient-elle \u00e0 tisser le lien invisible qui les unit ? Avez-vous devin\u00e9 la connexion entre elles avant la r\u00e9v\u00e9lation finale ?<\/p><p><strong>3. La fin de vie et le deuil<\/strong><\/p><p>Le roman aborde sans fard l&rsquo;accompagnement en fin de vie. Les lecteurs qualifient souvent le livre de \u00ab\u00a0lumineux\u00a0\u00bb malgr\u00e9 le sujet sombre. Comment l&rsquo;auteure traite-t-elle la finitude ? Avez-vous trouv\u00e9 que la description des derniers instants \u00e9tait r\u00e9aliste ? Est-ce un livre sur la mort ou sur la vie ?<\/p><p><strong>4. Le titre<\/strong><\/p><p>Que vous \u00e9voque le titre \u00ab\u00a0Au diable nos adieux\u00a0\u00bb ? Est-ce un refus de la mort, une c\u00e9l\u00e9bration de l&rsquo;\u00e9ternit\u00e9 des sentiments, ou une r\u00e9f\u00e9rence \u00e0 la chanson qui porte le m\u00eame nom (si cela vous parle) ?<\/p>\t\t\t\t\t\t\t\t<\/div>\n\t\t\t\t<\/div>\n\t\t\t\t<div class=\"elementor-element elementor-element-43a667a elementor-widget elementor-widget-text-editor\" data-id=\"43a667a\" data-element_type=\"widget\" data-e-type=\"widget\" data-widget_type=\"text-editor.default\">\n\t\t\t\t<div class=\"elementor-widget-container\">\n\t\t\t\t\t\t\t\t\t<p><em>Vous avez d\u00e9battu du livre ? Identifiez-moi sur Instagram @aureliegerard_auteure, je serais ravie de partager vos \u00e9changes !<\/em><\/p>\t\t\t\t\t\t\t\t<\/div>\n\t\t\t\t<\/div>\n\t\t\t\t<div class=\"elementor-element elementor-element-a52be3f elementor-widget elementor-widget-spacer\" data-id=\"a52be3f\" data-element_type=\"widget\" data-e-type=\"widget\" data-widget_type=\"spacer.default\">\n\t\t\t\t<div class=\"elementor-widget-container\">\n\t\t\t\t\t\t\t<div class=\"elementor-spacer\">\n\t\t\t<div class=\"elementor-spacer-inner\"><\/div>\n\t\t<\/div>\n\t\t\t\t\t\t<\/div>\n\t\t\t\t<\/div>\n\t\t\t\t<div class=\"elementor-element elementor-element-a96d43e elementor-widget-divider--view-line elementor-widget elementor-widget-divider\" data-id=\"a96d43e\" data-element_type=\"widget\" data-e-type=\"widget\" data-widget_type=\"divider.default\">\n\t\t\t\t<div class=\"elementor-widget-container\">\n\t\t\t\t\t\t\t<div class=\"elementor-divider\">\n\t\t\t<span class=\"elementor-divider-separator\">\n\t\t\t\t\t\t<\/span>\n\t\t<\/div>\n\t\t\t\t\t\t<\/div>\n\t\t\t\t<\/div>\n\t\t\t\t\t<\/div>\n\t\t<\/div>\n\t\t\t\t\t<\/div>\n\t\t<\/section>\n\t\t\t\t<\/div>\n\t\t","protected":false},"excerpt":{"rendered":"<p>Guide de discussion\u00a0 \u00a0 Vous avez lu L\u00e9gitime d\u00e9mence et vous souhaitez en discuter ? Voici quelques pistes de r\u00e9flexion pour animer vos d\u00e9bats. (Attention : contient des spoilers !) 1. Le titre Que vous \u00e9voque l&rsquo;expression \u00ab\u00a0L\u00e9gitime D\u00e9mence\u00a0\u00bb ? \u00c0 quel moment pr\u00e9cis du livre pensez-vous que la folie de Valentine devient \u00ab\u00a0l\u00e9gitime\u00a0\u00bb ou<a class=\"more-link\" href=\"https:\/\/www.aureliegerard.com\/index.php\/kits-club-de-lecture\/\">Continue reading <span class=\"screen-reader-text\">\u00ab\u00a0Kits \u00ab\u00a0club de lecture\u00a0\u00bb\u00a0\u00bb<\/span><\/a><\/p>\n","protected":false},"author":1,"featured_media":0,"parent":0,"menu_order":0,"comment_status":"closed","ping_status":"closed","template":"","meta":{"wp_popup_display_lightbox":0,"wp_popup_suppress":"","wp_popup_trigger":"","wp_popup_trigger_amount":0,"wp_popup_disable_on_mobile":false,"footnotes":""},"class_list":["post-410","page","type-page","status-publish","hentry","entry"],"_links":{"self":[{"href":"https:\/\/www.aureliegerard.com\/index.php\/wp-json\/wp\/v2\/pages\/410","targetHints":{"allow":["GET"]}}],"collection":[{"href":"https:\/\/www.aureliegerard.com\/index.php\/wp-json\/wp\/v2\/pages"}],"about":[{"href":"https:\/\/www.aureliegerard.com\/index.php\/wp-json\/wp\/v2\/types\/page"}],"author":[{"embeddable":true,"href":"https:\/\/www.aureliegerard.com\/index.php\/wp-json\/wp\/v2\/users\/1"}],"replies":[{"embeddable":true,"href":"https:\/\/www.aureliegerard.com\/index.php\/wp-json\/wp\/v2\/comments?post=410"}],"version-history":[{"count":16,"href":"https:\/\/www.aureliegerard.com\/index.php\/wp-json\/wp\/v2\/pages\/410\/revisions"}],"predecessor-version":[{"id":442,"href":"https:\/\/www.aureliegerard.com\/index.php\/wp-json\/wp\/v2\/pages\/410\/revisions\/442"}],"wp:attachment":[{"href":"https:\/\/www.aureliegerard.com\/index.php\/wp-json\/wp\/v2\/media?parent=410"}],"curies":[{"name":"wp","href":"https:\/\/api.w.org\/{rel}","templated":true}]}}